{"id":53715,"date":"2024-03-05T22:51:17","date_gmt":"2024-03-05T21:51:17","guid":{"rendered":"https:\/\/www.escortpormadrid.com\/?page_id=53715"},"modified":"2024-05-27T10:50:04","modified_gmt":"2024-05-27T08:50:04","slug":"frequently-asked-questions","status":"publish","type":"page","link":"https:\/\/www.escortpormadrid.com\/en\/frequently-asked-questions\/","title":{"rendered":"Frequently Asked Questions"},"content":{"rendered":"<section class=\"l-section wpb_row us_custom_16dc0fc3 height_large\"><div class=\"l-section-h i-cf\"><div class=\"g-cols vc_row via_flex valign_top type_default stacking_default\"><div class=\"vc_col-sm-12 wpb_column vc_column_container\"><div class=\"vc_column-inner us_custom_53df7a87\"><div class=\"wpb_wrapper\"><h1 class=\"w-text us_custom_fb238c09 has_text_color\"><span class=\"w-text-h\"><span class=\"w-text-value\">Frequently Asked Questions<\/span><\/span><\/h1><div class=\"w-tabs us_custom_fe261ae8 style_default switch_click accordion\" style=\"--sections-title-size:inherit\"><div class=\"w-tabs-sections titles-align_none icon_plus cpos_right\"><div class=\"w-tabs-section\" id=\"y732\"><button class=\"w-tabs-section-header\" aria-controls=\"content-y732\" aria-expanded=\"false\"><h3 class=\"w-tabs-section-title\">What area is it located in?<\/h3><div class=\"w-tabs-section-control\"><\/div><\/button><div  class=\"w-tabs-section-content\" id=\"content-y732\"><div class=\"w-tabs-section-content-h i-cf\"><div class=\"wpb_text_column\"><div class=\"wpb_wrapper\"><p>All the escorts advertised on our portal are <strong>independent<\/strong>, so they are not all together, but each one of them is located at their own residence in different areas of Madrid capital. There are companions in the main areas of Madrid, all of them well-connected:<\/p>\n<ul>\n<li>Plaza de Castilla<\/li>\n<li>Chamart\u00edn (Calle Alberto Alcocer)<\/li>\n<li>Barrio de Salamanca<\/li>\n<li>Chamber\u00ed<\/li>\n<li>Atocha<\/li>\n<\/ul>\n<p>In all these areas, we usually have escorts advertised on the website, and some of them have <strong>private apartments<\/strong> to receive you.<\/p>\n<p>However, all the escorts can move to any other area of Madrid or even nearby towns. They have a <strong>private chauffeur<\/strong> who can take them to the area you prefer.<\/p>\n<\/div><\/div><\/div><\/div><\/div><div class=\"w-tabs-section\" id=\"v9ab\"><button class=\"w-tabs-section-header\" aria-controls=\"content-v9ab\" aria-expanded=\"false\"><h3 class=\"w-tabs-section-title\">What is the price?<\/h3><div class=\"w-tabs-section-control\"><\/div><\/button><div  class=\"w-tabs-section-content\" id=\"content-v9ab\"><div class=\"w-tabs-section-content-h i-cf\"><div class=\"wpb_text_column\"><div class=\"wpb_wrapper\"><p>The escorts charge a fee for their <strong>companionship service<\/strong> that is determined by the duration of the company.<\/p>\n<p>The price for one hour of companionship is <strong>200 \u20ac<\/strong>. The companionship can be for attending a dinner at a restaurant, accompanying to an event, for a trip, or just for a private meeting in a hotel.<\/p>\n<p>From that base price, more hours can be hired. For longer services (dinners, trips, parties, etc.), more hours can be hired. In that case, you have to contact the phones on the website so that the escort can offer you a better price per hour.<\/p>\n<\/div><\/div><\/div><\/div><\/div><div class=\"w-tabs-section\" id=\"lb8c\"><button class=\"w-tabs-section-header\" aria-controls=\"content-lb8c\" aria-expanded=\"false\"><h3 class=\"w-tabs-section-title\">How long does the service last?<\/h3><div class=\"w-tabs-section-control\"><\/div><\/button><div  class=\"w-tabs-section-content\" id=\"content-lb8c\"><div class=\"w-tabs-section-content-h i-cf\"><div class=\"wpb_text_column\"><div class=\"wpb_wrapper\"><p>The most common companionship services of the escorts last for <strong>1 hour<\/strong>, but all of them are available for longer services, for 2 or 3 hours, for entire nights, for several days, and even for trips. Prices for more than one hour are negotiated directly with the companion.<\/p>\n<p>In exceptional cases, for people with limited free time, some of the escorts accept meetings of only half an hour, to get to know each other and consider whether they will arrange a longer meeting in the near future. But this option is only offered by some of the escorts.<\/p>\n<p>If you are looking for a service with a special duration, the best thing to do is to <strong>call the phone number on the website<\/strong> and they will inform you without any obligation.<\/p>\n<\/div><\/div><\/div><\/div><\/div><div class=\"w-tabs-section\" id=\"ud24\"><button class=\"w-tabs-section-header\" aria-controls=\"content-ud24\" aria-expanded=\"false\"><h3 class=\"w-tabs-section-title\">Do you do outcalls?<\/h3><div class=\"w-tabs-section-control\"><\/div><\/button><div  class=\"w-tabs-section-content\" id=\"content-ud24\"><div class=\"w-tabs-section-content-h i-cf\"><div class=\"wpb_text_column\"><div class=\"wpb_wrapper\"><p>All the companions listed on our web portal make outcalls in Madrid capital. We have a <strong>private chauffeur<\/strong> with whom they move. The cost of the outcall is <strong>30 euros<\/strong> (in Madrid capital).<\/p>\n<p>They can also travel to hotels in the towns around Madrid. (Pozuelo, Majadahonda, Alcobendas, San Sebasti\u00e1n de los Reyes, Barajas, Coslada, San Fernando, Torrej\u00f3n de Ardoz, Alcal\u00e1 de Henares, etc.). In these cases, the cost depends on the distance to Madrid capital. It will normally be between 40 and 50 euros.<\/p>\n<\/div><\/div><\/div><\/div><\/div><div class=\"w-tabs-section\" id=\"tec8\"><button class=\"w-tabs-section-header\" aria-controls=\"content-tec8\" aria-expanded=\"false\"><h3 class=\"w-tabs-section-title\">What availability do they have?<\/h3><div class=\"w-tabs-section-control\"><\/div><\/button><div  class=\"w-tabs-section-content\" id=\"content-tec8\"><div class=\"w-tabs-section-content-h i-cf\"><div class=\"wpb_text_column\"><div class=\"wpb_wrapper\"><p>The escorts advertised on this portal have <strong>different schedules<\/strong>. Keep in mind that most of them are amateurs and have jobs in other sectors, which they combine with this. Therefore, it is best to contact directly the phone number that appears on the website so that you can be informed of the schedule of each of the companions you are interested in.<\/p>\n<p>Appointments must be arranged at least <strong>1 hour in advance<\/strong>.<\/p>\n<p>The telephone service hours are from 08:00 to 02:00 from Monday to Sunday. You can contact by call, WhatsApp, or Telegram, and we will promptly inform you of the schedules of each escort.<\/p>\n<\/div><\/div><\/div><\/div><\/div><div class=\"w-tabs-section\" id=\"s05f\"><button class=\"w-tabs-section-header\" aria-controls=\"content-s05f\" aria-expanded=\"false\"><h3 class=\"w-tabs-section-title\">Do you have a place to receive?<\/h3><div class=\"w-tabs-section-control\"><\/div><\/button><div  class=\"w-tabs-section-content\" id=\"content-s05f\"><div class=\"w-tabs-section-content-h i-cf\"><div class=\"wpb_text_column\"><div class=\"wpb_wrapper\"><p>There isn&#8217;t a common place where all the escorts receive. They are independent and therefore <strong>each one receives their visits in their apartment or private flat<\/strong>. All meetings are organized privately.<\/p>\n<p>However, not all have a private flat to receive. In these cases, our agency takes care of finding a private suite for rent by the hour where the meeting can take place. We usually turn to the company: Luxtal, which has suites in the Chamart\u00edn area and also in the Barrio de Salamanca.<\/p>\n<p>You can inquire by phone which escorts have a private flat to receive and which ones use the hourly rental service of suites.<\/p>\n<\/div><\/div><\/div><\/div><\/div><div class=\"w-tabs-section\" id=\"i2e3\"><button class=\"w-tabs-section-header\" aria-controls=\"content-i2e3\" aria-expanded=\"false\"><h3 class=\"w-tabs-section-title\">WHAT IS THE RESERVATION PROCESS<\/h3><div class=\"w-tabs-section-control\"><\/div><\/button><div  class=\"w-tabs-section-content\" id=\"content-i2e3\"><div class=\"w-tabs-section-content-h i-cf\"><div class=\"wpb_text_column\"><div class=\"wpb_wrapper\"><p><span>It&#8217;s very simple,\u00a0<\/span><strong><span>first contact our telephone operators<\/span><\/strong><span>\u00a0by call, WhatsApp, Telegram or email, whatever is easiest for you.<\/span><\/p>\n<p><span>Tell us the escort you have chosen, the day and time of the appointment, and the place chosen for the meeting.<\/span><\/p>\n<p><span>Give us a few minutes so that we can contact the escort and we can confirm if the escort has it available that day and time. We will call you back immediately to close the meeting. If there is any problem we will solve it as we go\u00a0<\/span><strong><span>quickly and agilely<\/span><\/strong><span>\u00a0.<\/span><\/p>\n<p><span>Our telephone operators have\u00a0<\/span><strong><span>more than 15 years of experience<\/span><\/strong><span>\u00a0closing meetings with escorts, so they are very agile and always solve small problems that may arise.<\/span><\/p>\n<p><span>We need at least 1 hour to arrange a meeting, but the more time in advance you let us know, the better we can close the appointment.<\/span><\/p>\n<p><span>We are open every day from Monday to Sunday from 08:00 to 02:00<\/span><\/p>\n<\/div><\/div><\/div><\/div><\/div><div class=\"w-tabs-section\" id=\"c5a4\"><button class=\"w-tabs-section-header\" aria-controls=\"content-c5a4\" aria-expanded=\"false\"><h3 class=\"w-tabs-section-title\">WHAT IS THE PRICE RANGE OF THE SERVICES<\/h3><div class=\"w-tabs-section-control\"><\/div><\/button><div  class=\"w-tabs-section-content\" id=\"content-c5a4\"><div class=\"w-tabs-section-content-h i-cf\"><div class=\"wpb_text_column\"><div class=\"wpb_wrapper\"><p><span>On the website, in the top menu you have a \u201c\u00a0<\/span><strong><span>Rates<\/span><\/strong><span>\u00a0\u201d option where you can consult the prices of the services in detail.<\/span><\/p>\n<p><span>The basis on which luxury escorts offer their services is: Time. Which can range from \u00bd hour to whatever you want.<\/span><\/p>\n<p><span>The most contracted times are 1 hour, 2 hours and full nights.<\/span><\/p>\n<p><span>The minimum price is 120 euros for \u00bd hour of company. This service is offered by very few escorts and we do not recommend it either. The ideal is from\u00a0<\/span><strong><span>1 hour of company<\/span><\/strong><span>\u00a0whose price is\u00a0<\/span><strong><span>200 euros<\/span><\/strong><span>\u00a0.<\/span><\/p>\n<p><span>From there up, whatever you want, depending on what you&#8217;re looking for.<\/span><\/p>\n<p><span>We are open every day from Monday to Sunday from 08:00 to 02:00<\/span><\/p>\n<\/div><\/div><\/div><\/div><\/div><\/div><\/div><\/div><\/div><\/div><\/div><\/div><\/section>\n","protected":false},"excerpt":{"rendered":"Frequently Asked QuestionsWhat area is it located in?All the escorts advertised on our portal are independent, so they are not all together, but each one of them is located at their own residence in different areas of Madrid capital. There are companions in the main areas of Madrid, all of them well-connected: Plaza de Castilla...","protected":false},"author":1,"featured_media":0,"parent":0,"menu_order":0,"comment_status":"closed","ping_status":"closed","template":"","meta":{"_acf_changed":false,"footnotes":""},"class_list":["post-53715","page","type-page","status-publish","hentry"],"acf":[],"_links":{"self":[{"href":"https:\/\/www.escortpormadrid.com\/en\/wp-json\/wp\/v2\/pages\/53715","targetHints":{"allow":["GET"]}}],"collection":[{"href":"https:\/\/www.escortpormadrid.com\/en\/wp-json\/wp\/v2\/pages"}],"about":[{"href":"https:\/\/www.escortpormadrid.com\/en\/wp-json\/wp\/v2\/types\/page"}],"author":[{"embeddable":true,"href":"https:\/\/www.escortpormadrid.com\/en\/wp-json\/wp\/v2\/users\/1"}],"replies":[{"embeddable":true,"href":"https:\/\/www.escortpormadrid.com\/en\/wp-json\/wp\/v2\/comments?post=53715"}],"version-history":[{"count":1,"href":"https:\/\/www.escortpormadrid.com\/en\/wp-json\/wp\/v2\/pages\/53715\/revisions"}],"predecessor-version":[{"id":55621,"href":"https:\/\/www.escortpormadrid.com\/en\/wp-json\/wp\/v2\/pages\/53715\/revisions\/55621"}],"wp:attachment":[{"href":"https:\/\/www.escortpormadrid.com\/en\/wp-json\/wp\/v2\/media?parent=53715"}],"curies":[{"name":"wp","href":"https:\/\/api.w.org\/{rel}","templated":true}]}}